{"id":534,"date":"2022-07-12T18:35:43","date_gmt":"2022-07-12T23:35:43","guid":{"rendered":"http:\/\/na-ser.com\/?page_id=534"},"modified":"2022-07-19T10:14:54","modified_gmt":"2022-07-19T15:14:54","slug":"parto-en-agua","status":"publish","type":"page","link":"https:\/\/na-ser.com\/index.php\/parto-en-agua\/","title":{"rendered":"Parto en agua"},"content":{"rendered":"\t\t<div data-elementor-type=\"wp-page\" data-elementor-id=\"534\" class=\"elementor elementor-534\">\n\t\t\t\t\t\t\t\t\t<section class=\"elementor-section elementor-top-section elementor-element elementor-element-e97d7df elementor-section-full_width elementor-section-height-default elementor-section-height-default\" data-id=\"e97d7df\" data-element_type=\"section\">\n\t\t\t\t\t\t<div class=\"elementor-container elementor-column-gap-default\">\n\t\t\t\t\t<div class=\"elementor-column elementor-col-50 elementor-top-column elementor-element elementor-element-0062649\" data-id=\"0062649\" data-element_type=\"column\">\n\t\t\t<div class=\"elementor-widget-wrap elementor-element-populated\">\n\t\t\t\t\t\t\t\t<div class=\"elementor-element elementor-element-80e70b0 elementor-widget elementor-widget-heading\" data-id=\"80e70b0\" data-element_type=\"widget\" data-widget_type=\"heading.default\">\n\t\t\t\t<div class=\"elementor-widget-container\">\n\t\t\t<style>\/*! elementor - v3.6.7 - 03-07-2022 *\/\n.elementor-heading-title{padding:0;margin:0;line-height:1}.elementor-widget-heading .elementor-heading-title[class*=elementor-size-]>a{color:inherit;font-size:inherit;line-height:inherit}.elementor-widget-heading .elementor-heading-title.elementor-size-small{font-size:15px}.elementor-widget-heading .elementor-heading-title.elementor-size-medium{font-size:19px}.elementor-widget-heading .elementor-heading-title.elementor-size-large{font-size:29px}.elementor-widget-heading .elementor-heading-title.elementor-size-xl{font-size:39px}.elementor-widget-heading .elementor-heading-title.elementor-size-xxl{font-size:59px}<\/style><h2 class=\"elementor-heading-title elementor-size-default\">\u00bfQu\u00e9 es un parto en agua?<\/h2>\t\t<\/div>\n\t\t\t\t<\/div>\n\t\t\t\t<div class=\"elementor-element elementor-element-5b3715f elementor-widget elementor-widget-text-editor\" data-id=\"5b3715f\" data-element_type=\"widget\" data-widget_type=\"text-editor.default\">\n\t\t\t\t<div class=\"elementor-widget-container\">\n\t\t\t<style>\/*! elementor - v3.6.7 - 03-07-2022 *\/\n.elementor-widget-text-editor.elementor-drop-cap-view-stacked .elementor-drop-cap{background-color:#818a91;color:#fff}.elementor-widget-text-editor.elementor-drop-cap-view-framed .elementor-drop-cap{color:#818a91;border:3px solid;background-color:transparent}.elementor-widget-text-editor:not(.elementor-drop-cap-view-default) .elementor-drop-cap{margin-top:8px}.elementor-widget-text-editor:not(.elementor-drop-cap-view-default) .elementor-drop-cap-letter{width:1em;height:1em}.elementor-widget-text-editor .elementor-drop-cap{float:left;text-align:center;line-height:1;font-size:50px}.elementor-widget-text-editor .elementor-drop-cap-letter{display:inline-block}<\/style>\t\t\t\t<p><span style=\"font-weight: 400;\">El parto en agua es el acto de disfrutar de la etapa de dilataci\u00f3n y alumbramiento de tu bebe en una tina o piscina llena de agua. Los m\u00faltiples beneficios que ofrece este procedimiento hacen que el parto en agua sea una gran elecci\u00f3n.<\/span><\/p>\t\t\t\t\t\t<\/div>\n\t\t\t\t<\/div>\n\t\t\t\t<div class=\"elementor-element elementor-element-8810fc5 elementor-widget elementor-widget-button\" data-id=\"8810fc5\" data-element_type=\"widget\" data-widget_type=\"button.default\">\n\t\t\t\t<div class=\"elementor-widget-container\">\n\t\t\t\t\t<div class=\"elementor-button-wrapper\">\n\t\t\t<a href=\"https:\/\/na-ser.com\/#formulario\" class=\"elementor-button-link elementor-button elementor-size-sm\" role=\"button\">\n\t\t\t\t\t\t<span class=\"elementor-button-content-wrapper\">\n\t\t\t\t\t\t<span class=\"elementor-button-text\">Escr\u00edbenos o ll\u00e1manos para recibir m\u00e1s informaci\u00f3n.<\/span>\n\t\t<\/span>\n\t\t\t\t\t<\/a>\n\t\t<\/div>\n\t\t\t\t<\/div>\n\t\t\t\t<\/div>\n\t\t\t\t<div class=\"elementor-element elementor-element-a92a6b6 elementor-widget elementor-widget-heading\" data-id=\"a92a6b6\" data-element_type=\"widget\" data-widget_type=\"heading.default\">\n\t\t\t\t<div class=\"elementor-widget-container\">\n\t\t\t<h2 class=\"elementor-heading-title elementor-size-default\">\u00bfCu\u00e1ndo puedo tener un parto en agua? <\/h2>\t\t<\/div>\n\t\t\t\t<\/div>\n\t\t\t\t<div class=\"elementor-element elementor-element-251fa3d team-social elementor-widget elementor-widget-text-editor\" data-id=\"251fa3d\" data-element_type=\"widget\" data-widget_type=\"text-editor.default\">\n\t\t\t\t<div class=\"elementor-widget-container\">\n\t\t\t\t\t\t\t<ul><li><span style=\"font-weight: 400;\">Cuando tienes un embarazo de bajo riesgo saludable (indicado por el ginec\u00f3logo).<\/span><\/li><li><span style=\"font-weight: 400;\">Cuando quieres evitar una episiotom\u00eda, ces\u00e1rea, epidural y otras intervenciones similares.<\/span><\/li><li><span style=\"font-weight: 400;\">Cu\u00e1ndo quieres incluir terapias alternativas para el manejo del dolor diferentes a las utilizadas en las instituciones de salud.<\/span><\/li><li><span style=\"font-weight: 400;\">Cuando quieres ser libre para moverte, cambiar de posici\u00f3n, tomar una ducha y comer o beber libremente durante el parto<\/span><\/li><li><span style=\"font-weight: 400;\">Cuando quieres disfrutar de las comodidades de tu hogar y entorno familiar<\/span><\/li><\/ul>\t\t\t\t\t\t<\/div>\n\t\t\t\t<\/div>\n\t\t\t\t\t<\/div>\n\t\t<\/div>\n\t\t\t\t<div class=\"elementor-column elementor-col-50 elementor-top-column elementor-element elementor-element-0c2b40e\" data-id=\"0c2b40e\" data-element_type=\"column\">\n\t\t\t<div class=\"elementor-widget-wrap elementor-element-populated\">\n\t\t\t\t\t\t\t\t<div class=\"elementor-element elementor-element-99e355c elementor-widget elementor-widget-image\" data-id=\"99e355c\" data-element_type=\"widget\" data-widget_type=\"image.default\">\n\t\t\t\t<div class=\"elementor-widget-container\">\n\t\t\t<style>\/*! elementor - v3.6.7 - 03-07-2022 *\/\n.elementor-widget-image{text-align:center}.elementor-widget-image a{display:inline-block}.elementor-widget-image a img[src$=\".svg\"]{width:48px}.elementor-widget-image img{vertical-align:middle;display:inline-block}<\/style>\t\t\t\t\t\t\t\t\t\t\t\t<img width=\"1024\" height=\"684\" src=\"https:\/\/na-ser.com\/wp-content\/uploads\/2022\/06\/water.jpg\" class=\"attachment-large size-large\" alt=\"\" loading=\"lazy\" srcset=\"https:\/\/na-ser.com\/wp-content\/uploads\/2022\/06\/water.jpg 1024w, https:\/\/na-ser.com\/wp-content\/uploads\/2022\/06\/water-300x200.jpg 300w, https:\/\/na-ser.com\/wp-content\/uploads\/2022\/06\/water-768x513.jpg 768w\" sizes=\"(max-width: 1024px) 100vw, 1024px\" \/>\t\t\t\t\t\t\t\t\t\t\t\t\t\t\t<\/div>\n\t\t\t\t<\/div>\n\t\t\t\t\t<\/div>\n\t\t<\/div>\n\t\t\t\t\t\t\t<\/div>\n\t\t<\/section>\n\t\t\t\t<section class=\"elementor-section elementor-top-section elementor-element elementor-element-41beac8 elementor-section-full_width elementor-section-height-default elementor-section-height-default\" data-id=\"41beac8\" data-element_type=\"section\">\n\t\t\t\t\t\t<div class=\"elementor-container elementor-column-gap-default\">\n\t\t\t\t\t<div class=\"elementor-column elementor-col-100 elementor-top-column elementor-element elementor-element-c9896d1\" data-id=\"c9896d1\" data-element_type=\"column\">\n\t\t\t<div class=\"elementor-widget-wrap elementor-element-populated\">\n\t\t\t\t\t\t\t\t<div class=\"elementor-element elementor-element-0907099 elementor-widget elementor-widget-heading\" data-id=\"0907099\" data-element_type=\"widget\" data-widget_type=\"heading.default\">\n\t\t\t\t<div class=\"elementor-widget-container\">\n\t\t\t<h2 class=\"elementor-heading-title elementor-size-default\">Beneficios del parto en agua<\/h2>\t\t<\/div>\n\t\t\t\t<\/div>\n\t\t\t\t\t<\/div>\n\t\t<\/div>\n\t\t\t\t\t\t\t<\/div>\n\t\t<\/section>\n\t\t\t\t<section class=\"elementor-section elementor-top-section elementor-element elementor-element-08eb8eb elementor-section-full_width elementor-section-height-default elementor-section-height-default\" data-id=\"08eb8eb\" data-element_type=\"section\">\n\t\t\t\t\t\t<div class=\"elementor-container elementor-column-gap-default\">\n\t\t\t\t\t<div class=\"elementor-column elementor-col-50 elementor-top-column elementor-element elementor-element-885a831\" data-id=\"885a831\" data-element_type=\"column\">\n\t\t\t<div class=\"elementor-widget-wrap elementor-element-populated\">\n\t\t\t\t\t\t\t\t<section class=\"elementor-section elementor-inner-section elementor-element elementor-element-56ae490 elementor-section-boxed elementor-section-height-default elementor-section-height-default\" data-id=\"56ae490\" data-element_type=\"section\">\n\t\t\t\t\t\t<div class=\"elementor-container elementor-column-gap-default\">\n\t\t\t\t\t<div class=\"elementor-column elementor-col-50 elementor-inner-column elementor-element elementor-element-b835090\" data-id=\"b835090\" data-element_type=\"column\">\n\t\t\t<div class=\"elementor-widget-wrap elementor-element-populated\">\n\t\t\t\t\t\t\t\t<div class=\"elementor-element elementor-element-d96bd7b elementor-view-default elementor-widget elementor-widget-icon\" data-id=\"d96bd7b\" data-element_type=\"widget\" data-widget_type=\"icon.default\">\n\t\t\t\t<div class=\"elementor-widget-container\">\n\t\t\t\t\t<div class=\"elementor-icon-wrapper\">\n\t\t\t<div class=\"elementor-icon\">\n\t\t\t<i aria-hidden=\"true\" class=\"fas fa-water\"><\/i>\t\t\t<\/div>\n\t\t<\/div>\n\t\t\t\t<\/div>\n\t\t\t\t<\/div>\n\t\t\t\t\t<\/div>\n\t\t<\/div>\n\t\t\t\t<div class=\"elementor-column elementor-col-50 elementor-inner-column elementor-element elementor-element-bf911ca\" data-id=\"bf911ca\" data-element_type=\"column\">\n\t\t\t<div class=\"elementor-widget-wrap elementor-element-populated\">\n\t\t\t\t\t\t\t\t<div class=\"elementor-element elementor-element-cec9b84 elementor-widget elementor-widget-text-editor\" data-id=\"cec9b84\" data-element_type=\"widget\" data-widget_type=\"text-editor.default\">\n\t\t\t\t<div class=\"elementor-widget-container\">\n\t\t\t\t\t\t\t<p><span style=\"font-weight: 400;\">Cuando est\u00e1s en la etapa de dilataci\u00f3n en el agua se acelera este proceso y baja el porcentaje de necesidad de uso de medicamentos o ayudas adicionales.\u00a0 <\/span><\/p>\t\t\t\t\t\t<\/div>\n\t\t\t\t<\/div>\n\t\t\t\t\t<\/div>\n\t\t<\/div>\n\t\t\t\t\t\t\t<\/div>\n\t\t<\/section>\n\t\t\t\t<section class=\"elementor-section elementor-inner-section elementor-element elementor-element-31606d7 elementor-section-boxed elementor-section-height-default elementor-section-height-default\" data-id=\"31606d7\" data-element_type=\"section\">\n\t\t\t\t\t\t<div class=\"elementor-container elementor-column-gap-default\">\n\t\t\t\t\t<div class=\"elementor-column elementor-col-50 elementor-inner-column elementor-element elementor-element-857596a\" data-id=\"857596a\" data-element_type=\"column\">\n\t\t\t<div class=\"elementor-widget-wrap elementor-element-populated\">\n\t\t\t\t\t\t\t\t<div class=\"elementor-element elementor-element-450176c elementor-view-default elementor-widget elementor-widget-icon\" data-id=\"450176c\" data-element_type=\"widget\" data-widget_type=\"icon.default\">\n\t\t\t\t<div class=\"elementor-widget-container\">\n\t\t\t\t\t<div class=\"elementor-icon-wrapper\">\n\t\t\t<div class=\"elementor-icon\">\n\t\t\t<i aria-hidden=\"true\" class=\"fas fa-pills\"><\/i>\t\t\t<\/div>\n\t\t<\/div>\n\t\t\t\t<\/div>\n\t\t\t\t<\/div>\n\t\t\t\t\t<\/div>\n\t\t<\/div>\n\t\t\t\t<div class=\"elementor-column elementor-col-50 elementor-inner-column elementor-element elementor-element-944bb64\" data-id=\"944bb64\" data-element_type=\"column\">\n\t\t\t<div class=\"elementor-widget-wrap elementor-element-populated\">\n\t\t\t\t\t\t\t\t<div class=\"elementor-element elementor-element-8950e13 elementor-widget elementor-widget-text-editor\" data-id=\"8950e13\" data-element_type=\"widget\" data-widget_type=\"text-editor.default\">\n\t\t\t\t<div class=\"elementor-widget-container\">\n\t\t\t\t\t\t\t<p><span style=\"font-weight: 400;\">En el momento del parto disminuye la necesidad de cortes en la vagina para dilatar el canal de salida del bebe o el uso de terapia medicamentosa (analg\u00e9sicos) convencional, al mismo tiempo que provoca un descenso de la probabilidad de traumatismos en ti y en el bebe<\/span><\/p>\t\t\t\t\t\t<\/div>\n\t\t\t\t<\/div>\n\t\t\t\t\t<\/div>\n\t\t<\/div>\n\t\t\t\t\t\t\t<\/div>\n\t\t<\/section>\n\t\t\t\t\t<\/div>\n\t\t<\/div>\n\t\t\t\t<div class=\"elementor-column elementor-col-50 elementor-top-column elementor-element elementor-element-12adc92\" data-id=\"12adc92\" data-element_type=\"column\">\n\t\t\t<div class=\"elementor-widget-wrap\">\n\t\t\t\t\t\t\t\t\t<\/div>\n\t\t<\/div>\n\t\t\t\t\t\t\t<\/div>\n\t\t<\/section>\n\t\t\t\t\t\t\t<\/div>\n\t\t","protected":false},"excerpt":{"rendered":"<p>\u00bfQu\u00e9 es un parto en agua? El parto en agua es el acto de disfrutar de la etapa de dilataci\u00f3n y alumbramiento de tu bebe en una tina o piscina llena de agua. Los m\u00faltiples beneficios que ofrece este procedimiento hacen que el parto en agua sea una gran elecci\u00f3n. Escr\u00edbenos o ll\u00e1manos para recibir [&hellip;]<\/p>\n","protected":false},"author":1,"featured_media":416,"parent":0,"menu_order":0,"comment_status":"closed","ping_status":"closed","template":"templates\/page-generic.php","meta":[],"yoast_head":"<!-- This site is optimized with the Yoast SEO plugin v19.3 - https:\/\/yoast.com\/wordpress\/plugins\/seo\/ -->\n<title>Parto en agua - Naser<\/title>\n<meta name=\"robots\" content=\"noindex, follow, max-snippet:-1, max-image-preview:large, max-video-preview:-1\" \/>\n<meta property=\"og:locale\" content=\"es_ES\" \/>\n<meta property=\"og:type\" content=\"article\" \/>\n<meta property=\"og:title\" content=\"Parto en agua - Naser\" \/>\n<meta property=\"og:description\" content=\"\u00bfQu\u00e9 es un parto en agua? El parto en agua es el acto de disfrutar de la etapa de dilataci\u00f3n y alumbramiento de tu bebe en una tina o piscina llena de agua. Los m\u00faltiples beneficios que ofrece este procedimiento hacen que el parto en agua sea una gran elecci\u00f3n. Escr\u00edbenos o ll\u00e1manos para recibir [&hellip;]\" \/>\n<meta property=\"og:url\" content=\"https:\/\/na-ser.com\/index.php\/parto-en-agua\/\" \/>\n<meta property=\"og:site_name\" content=\"Naser\" \/>\n<meta property=\"article:modified_time\" content=\"2022-07-19T15:14:54+00:00\" \/>\n<meta property=\"og:image\" content=\"http:\/\/na-ser.com\/wp-content\/uploads\/2022\/07\/pregnant-2.jpg\" \/>\n\t<meta property=\"og:image:width\" content=\"1920\" \/>\n\t<meta property=\"og:image:height\" content=\"453\" \/>\n\t<meta property=\"og:image:type\" content=\"image\/jpeg\" \/>\n<meta name=\"twitter:card\" content=\"summary_large_image\" \/>\n<meta name=\"twitter:label1\" content=\"Tiempo estimado de lectura\" \/>\n\t<meta name=\"twitter:data1\" content=\"2 minutos\" \/>\n<script type=\"application\/ld+json\" class=\"yoast-schema-graph\">{\"@context\":\"https:\/\/schema.org\",\"@graph\":[{\"@type\":\"Organization\",\"@id\":\"https:\/\/na-ser.com\/#organization\",\"name\":\"Naser\",\"url\":\"https:\/\/na-ser.com\/\",\"sameAs\":[],\"logo\":{\"@type\":\"ImageObject\",\"inLanguage\":\"es-CO\",\"@id\":\"https:\/\/na-ser.com\/#\/schema\/logo\/image\/\",\"url\":\"https:\/\/na-ser.com\/wp-content\/uploads\/2022\/06\/logo-Naser.png\",\"contentUrl\":\"https:\/\/na-ser.com\/wp-content\/uploads\/2022\/06\/logo-Naser.png\",\"width\":434,\"height\":212,\"caption\":\"Naser\"},\"image\":{\"@id\":\"https:\/\/na-ser.com\/#\/schema\/logo\/image\/\"}},{\"@type\":\"WebSite\",\"@id\":\"https:\/\/na-ser.com\/#website\",\"url\":\"https:\/\/na-ser.com\/\",\"name\":\"Naser\",\"description\":\"En casa, en familia, en agua\",\"publisher\":{\"@id\":\"https:\/\/na-ser.com\/#organization\"},\"potentialAction\":[{\"@type\":\"SearchAction\",\"target\":{\"@type\":\"EntryPoint\",\"urlTemplate\":\"https:\/\/na-ser.com\/?s={search_term_string}\"},\"query-input\":\"required name=search_term_string\"}],\"inLanguage\":\"es-CO\"},{\"@type\":\"ImageObject\",\"inLanguage\":\"es-CO\",\"@id\":\"https:\/\/na-ser.com\/index.php\/parto-en-agua\/#primaryimage\",\"url\":\"https:\/\/na-ser.com\/wp-content\/uploads\/2022\/07\/pregnant-2.jpg\",\"contentUrl\":\"https:\/\/na-ser.com\/wp-content\/uploads\/2022\/07\/pregnant-2.jpg\",\"width\":1920,\"height\":453},{\"@type\":\"WebPage\",\"@id\":\"https:\/\/na-ser.com\/index.php\/parto-en-agua\/\",\"url\":\"https:\/\/na-ser.com\/index.php\/parto-en-agua\/\",\"name\":\"Parto en agua - Naser\",\"isPartOf\":{\"@id\":\"https:\/\/na-ser.com\/#website\"},\"primaryImageOfPage\":{\"@id\":\"https:\/\/na-ser.com\/index.php\/parto-en-agua\/#primaryimage\"},\"datePublished\":\"2022-07-12T23:35:43+00:00\",\"dateModified\":\"2022-07-19T15:14:54+00:00\",\"breadcrumb\":{\"@id\":\"https:\/\/na-ser.com\/index.php\/parto-en-agua\/#breadcrumb\"},\"inLanguage\":\"es-CO\",\"potentialAction\":[{\"@type\":\"ReadAction\",\"target\":[\"https:\/\/na-ser.com\/index.php\/parto-en-agua\/\"]}]},{\"@type\":\"BreadcrumbList\",\"@id\":\"https:\/\/na-ser.com\/index.php\/parto-en-agua\/#breadcrumb\",\"itemListElement\":[{\"@type\":\"ListItem\",\"position\":1,\"name\":\"Home\",\"item\":\"https:\/\/na-ser.com\/\"},{\"@type\":\"ListItem\",\"position\":2,\"name\":\"Parto en agua\"}]}]}<\/script>\n<!-- \/ Yoast SEO plugin. -->","yoast_head_json":{"title":"Parto en agua - Naser","robots":{"index":"noindex","follow":"follow","max-snippet":"max-snippet:-1","max-image-preview":"max-image-preview:large","max-video-preview":"max-video-preview:-1"},"og_locale":"es_ES","og_type":"article","og_title":"Parto en agua - Naser","og_description":"\u00bfQu\u00e9 es un parto en agua? El parto en agua es el acto de disfrutar de la etapa de dilataci\u00f3n y alumbramiento de tu bebe en una tina o piscina llena de agua. Los m\u00faltiples beneficios que ofrece este procedimiento hacen que el parto en agua sea una gran elecci\u00f3n. Escr\u00edbenos o ll\u00e1manos para recibir [&hellip;]","og_url":"https:\/\/na-ser.com\/index.php\/parto-en-agua\/","og_site_name":"Naser","article_modified_time":"2022-07-19T15:14:54+00:00","og_image":[{"width":1920,"height":453,"url":"http:\/\/na-ser.com\/wp-content\/uploads\/2022\/07\/pregnant-2.jpg","type":"image\/jpeg"}],"twitter_card":"summary_large_image","twitter_misc":{"Tiempo estimado de lectura":"2 minutos"},"schema":{"@context":"https:\/\/schema.org","@graph":[{"@type":"Organization","@id":"https:\/\/na-ser.com\/#organization","name":"Naser","url":"https:\/\/na-ser.com\/","sameAs":[],"logo":{"@type":"ImageObject","inLanguage":"es-CO","@id":"https:\/\/na-ser.com\/#\/schema\/logo\/image\/","url":"https:\/\/na-ser.com\/wp-content\/uploads\/2022\/06\/logo-Naser.png","contentUrl":"https:\/\/na-ser.com\/wp-content\/uploads\/2022\/06\/logo-Naser.png","width":434,"height":212,"caption":"Naser"},"image":{"@id":"https:\/\/na-ser.com\/#\/schema\/logo\/image\/"}},{"@type":"WebSite","@id":"https:\/\/na-ser.com\/#website","url":"https:\/\/na-ser.com\/","name":"Naser","description":"En casa, en familia, en agua","publisher":{"@id":"https:\/\/na-ser.com\/#organization"},"potentialAction":[{"@type":"SearchAction","target":{"@type":"EntryPoint","urlTemplate":"https:\/\/na-ser.com\/?s={search_term_string}"},"query-input":"required name=search_term_string"}],"inLanguage":"es-CO"},{"@type":"ImageObject","inLanguage":"es-CO","@id":"https:\/\/na-ser.com\/index.php\/parto-en-agua\/#primaryimage","url":"https:\/\/na-ser.com\/wp-content\/uploads\/2022\/07\/pregnant-2.jpg","contentUrl":"https:\/\/na-ser.com\/wp-content\/uploads\/2022\/07\/pregnant-2.jpg","width":1920,"height":453},{"@type":"WebPage","@id":"https:\/\/na-ser.com\/index.php\/parto-en-agua\/","url":"https:\/\/na-ser.com\/index.php\/parto-en-agua\/","name":"Parto en agua - Naser","isPartOf":{"@id":"https:\/\/na-ser.com\/#website"},"primaryImageOfPage":{"@id":"https:\/\/na-ser.com\/index.php\/parto-en-agua\/#primaryimage"},"datePublished":"2022-07-12T23:35:43+00:00","dateModified":"2022-07-19T15:14:54+00:00","breadcrumb":{"@id":"https:\/\/na-ser.com\/index.php\/parto-en-agua\/#breadcrumb"},"inLanguage":"es-CO","potentialAction":[{"@type":"ReadAction","target":["https:\/\/na-ser.com\/index.php\/parto-en-agua\/"]}]},{"@type":"BreadcrumbList","@id":"https:\/\/na-ser.com\/index.php\/parto-en-agua\/#breadcrumb","itemListElement":[{"@type":"ListItem","position":1,"name":"Home","item":"https:\/\/na-ser.com\/"},{"@type":"ListItem","position":2,"name":"Parto en agua"}]}]}},"_links":{"self":[{"href":"https:\/\/na-ser.com\/index.php\/wp-json\/wp\/v2\/pages\/534"}],"collection":[{"href":"https:\/\/na-ser.com\/index.php\/wp-json\/wp\/v2\/pages"}],"about":[{"href":"https:\/\/na-ser.com\/index.php\/wp-json\/wp\/v2\/types\/page"}],"author":[{"embeddable":true,"href":"https:\/\/na-ser.com\/index.php\/wp-json\/wp\/v2\/users\/1"}],"replies":[{"embeddable":true,"href":"https:\/\/na-ser.com\/index.php\/wp-json\/wp\/v2\/comments?post=534"}],"version-history":[{"count":25,"href":"https:\/\/na-ser.com\/index.php\/wp-json\/wp\/v2\/pages\/534\/revisions"}],"predecessor-version":[{"id":768,"href":"https:\/\/na-ser.com\/index.php\/wp-json\/wp\/v2\/pages\/534\/revisions\/768"}],"wp:featuredmedia":[{"embeddable":true,"href":"https:\/\/na-ser.com\/index.php\/wp-json\/wp\/v2\/media\/416"}],"wp:attachment":[{"href":"https:\/\/na-ser.com\/index.php\/wp-json\/wp\/v2\/media?parent=534"}],"curies":[{"name":"wp","href":"https:\/\/api.w.org\/{rel}","templated":true}]}}