{"id":586,"date":"2022-07-15T09:22:36","date_gmt":"2022-07-15T14:22:36","guid":{"rendered":"https:\/\/na-ser.com\/?page_id=586"},"modified":"2022-07-18T13:36:28","modified_gmt":"2022-07-18T18:36:28","slug":"preguntas-frecuentes","status":"publish","type":"page","link":"https:\/\/na-ser.com\/index.php\/preguntas-frecuentes\/","title":{"rendered":"Preguntas frecuentes"},"content":{"rendered":"\t\t<div data-elementor-type=\"wp-page\" data-elementor-id=\"586\" class=\"elementor elementor-586\">\n\t\t\t\t\t\t\t\t\t<section class=\"elementor-section elementor-top-section elementor-element elementor-element-074a601 elementor-section-full_width elementor-section-height-default elementor-section-height-default\" data-id=\"074a601\" data-element_type=\"section\">\n\t\t\t\t\t\t<div class=\"elementor-container elementor-column-gap-default\">\n\t\t\t\t\t<div class=\"elementor-column elementor-col-100 elementor-top-column elementor-element elementor-element-bc08b35\" data-id=\"bc08b35\" data-element_type=\"column\">\n\t\t\t<div class=\"elementor-widget-wrap elementor-element-populated\">\n\t\t\t\t\t\t\t\t<div class=\"elementor-element elementor-element-df89acc elementor-widget elementor-widget-heading\" data-id=\"df89acc\" data-element_type=\"widget\" data-widget_type=\"heading.default\">\n\t\t\t\t<div class=\"elementor-widget-container\">\n\t\t\t<style>\/*! elementor - v3.6.7 - 03-07-2022 *\/\n.elementor-heading-title{padding:0;margin:0;line-height:1}.elementor-widget-heading .elementor-heading-title[class*=elementor-size-]>a{color:inherit;font-size:inherit;line-height:inherit}.elementor-widget-heading .elementor-heading-title.elementor-size-small{font-size:15px}.elementor-widget-heading .elementor-heading-title.elementor-size-medium{font-size:19px}.elementor-widget-heading .elementor-heading-title.elementor-size-large{font-size:29px}.elementor-widget-heading .elementor-heading-title.elementor-size-xl{font-size:39px}.elementor-widget-heading .elementor-heading-title.elementor-size-xxl{font-size:59px}<\/style><h2 class=\"elementor-heading-title elementor-size-default\">Resolvemos tus dudas<\/h2>\t\t<\/div>\n\t\t\t\t<\/div>\n\t\t\t\t\t<\/div>\n\t\t<\/div>\n\t\t\t\t\t\t\t<\/div>\n\t\t<\/section>\n\t\t\t\t<section class=\"elementor-section elementor-top-section elementor-element elementor-element-e6a91de elementor-section-full_width team-social elementor-section-height-default elementor-section-height-default\" data-id=\"e6a91de\" data-element_type=\"section\">\n\t\t\t\t\t\t<div class=\"elementor-container elementor-column-gap-default\">\n\t\t\t\t\t<div class=\"elementor-column elementor-col-100 elementor-top-column elementor-element elementor-element-f053864\" data-id=\"f053864\" data-element_type=\"column\">\n\t\t\t<div class=\"elementor-widget-wrap elementor-element-populated\">\n\t\t\t\t\t\t\t\t<div class=\"elementor-element elementor-element-167e5f7 elementor-widget elementor-widget-text-editor\" data-id=\"167e5f7\" data-element_type=\"widget\" data-widget_type=\"text-editor.default\">\n\t\t\t\t<div class=\"elementor-widget-container\">\n\t\t\t<style>\/*! elementor - v3.6.7 - 03-07-2022 *\/\n.elementor-widget-text-editor.elementor-drop-cap-view-stacked .elementor-drop-cap{background-color:#818a91;color:#fff}.elementor-widget-text-editor.elementor-drop-cap-view-framed .elementor-drop-cap{color:#818a91;border:3px solid;background-color:transparent}.elementor-widget-text-editor:not(.elementor-drop-cap-view-default) .elementor-drop-cap{margin-top:8px}.elementor-widget-text-editor:not(.elementor-drop-cap-view-default) .elementor-drop-cap-letter{width:1em;height:1em}.elementor-widget-text-editor .elementor-drop-cap{float:left;text-align:center;line-height:1;font-size:50px}.elementor-widget-text-editor .elementor-drop-cap-letter{display:inline-block}<\/style>\t\t\t\t<ol><li><span style=\"font-weight: 400;\"><strong>\u00bfEs seguro el parto en casa?<\/strong><br \/><\/span><span style=\"font-weight: 400;\">El parto en casa es seguro siempre y cuando cuentes con la vigilancia de un profesional capacitado para identificar posibles sucesos que se salgan de la normalidad de un parto convencional. Adicionalmente, las condiciones de salud tuyas y de tu bebe deben ser \u00f3ptimas para optar por una indicaci\u00f3n de este tipo.<br \/><\/span><\/li><\/ol>\t\t\t\t\t\t<\/div>\n\t\t\t\t<\/div>\n\t\t\t\t<div class=\"elementor-element elementor-element-1318d8a elementor-widget elementor-widget-text-editor\" data-id=\"1318d8a\" data-element_type=\"widget\" data-widget_type=\"text-editor.default\">\n\t\t\t\t<div class=\"elementor-widget-container\">\n\t\t\t\t\t\t\t<p><span style=\"font-weight: 400;\"><strong>\u00bfPor qu\u00e9 preferir el parto en casa?<\/strong><br \/><\/span><\/p><p><span style=\"font-weight: 400;\">Hace varios a\u00f1os, el trabajo de parto acontec\u00eda en un ambiente familiar conocido, compartido y protector, donde la mujer, pod\u00eda moverse y expresarse libremente, se sent\u00eda estimulada, admirada, y tranquila, rodeada por sus seres queridos; al reci\u00e9n nacido inmediatamente lo abrazaba la mama y la familia lo acog\u00eda, esta experiencia era agradable y sin separaciones, afianzando el v\u00ednculo entre madre e hijo hay otras caracter\u00edsticas que pueden soportar esta decisi\u00f3n familiar.\u00a0<\/span><\/p><ul><li style=\"font-weight: 400;\" aria-level=\"1\"><span style=\"font-weight: 400;\">Tu deseo de dar a luz sin ayuda de procedimientos m\u00e9dicos en el proceso, no uso de analg\u00e9sicos, aceleraci\u00f3n del trabajo de parto (qu\u00edmicamente), tratamiento del dolor con psico ayudas (terapias\u00a0 como aromaterapia, colorterapia, acompa\u00f1amiento familiar.\u00a0<\/span><\/li><li style=\"font-weight: 400;\" aria-level=\"1\"><span style=\"font-weight: 400;\">Tu deseo de dar a luz en un lugar c\u00f3modo y conocido.<\/span><\/li><li style=\"font-weight: 400;\" aria-level=\"1\"><span style=\"font-weight: 400;\">Tu falta de satisfacci\u00f3n con la atenci\u00f3n hospitalaria.<\/span><\/li><li style=\"font-weight: 400;\" aria-level=\"1\"><span style=\"font-weight: 400;\">Tu deseo de libertad y autocontrol durante el parto<\/span>\u00a0<\/li><\/ul>\t\t\t\t\t\t<\/div>\n\t\t\t\t<\/div>\n\t\t\t\t<div class=\"elementor-element elementor-element-7939aad elementor-widget elementor-widget-text-editor\" data-id=\"7939aad\" data-element_type=\"widget\" data-widget_type=\"text-editor.default\">\n\t\t\t\t<div class=\"elementor-widget-container\">\n\t\t\t\t\t\t\t<p><strong>\u00bfHay situaciones en las que no se recomienda un parto en casa?<\/strong><\/p><p><span style=\"font-weight: 400;\">American College of Obstetricians and Gynecologists (el Colegio Estadounidense de Obstetras y Ginec\u00f3logos) aconsejan no tener un parto planificado en casa si:<\/span><\/p><ul><li style=\"font-weight: 400;\" aria-level=\"1\"><span style=\"font-weight: 400;\">Hay un embarazo m\u00faltiple (m\u00e1s de un bebe)<\/span><\/li><li style=\"font-weight: 400;\" aria-level=\"1\"><span style=\"font-weight: 400;\">El beb\u00e9 no est\u00e1 colocado en posici\u00f3n de cabeza (cef\u00e1lica) para el parto.<\/span><\/li><li style=\"font-weight: 400;\" aria-level=\"1\"><span style=\"font-weight: 400;\">Antecedentes de ces\u00e1reas<\/span><\/li><li style=\"font-weight: 400;\" aria-level=\"1\"><span style=\"font-weight: 400;\">Hipertensi\u00f3n arterial durante el embarazo o como antecedente.<\/span><\/li><li style=\"font-weight: 400;\" aria-level=\"1\"><span style=\"font-weight: 400;\">Diabetes gestacional.<\/span><\/li><li style=\"font-weight: 400;\" aria-level=\"1\"><span style=\"font-weight: 400;\">Antecedente de s\u00edndrome de Hellp y\/o hospitalizaciones durante partos previos.<\/span><\/li><li style=\"font-weight: 400;\" aria-level=\"1\"><span style=\"font-weight: 400;\">Infecciones latentes al momento del parto.<\/span><\/li><li style=\"font-weight: 400;\" aria-level=\"1\"><span style=\"font-weight: 400;\">Enfermedades hemorr\u00e1gicas (Hemofilia, PTI, Enfermedad de Von Willebrand, defectos plaquetarios y\/o defectos con cualquier factor de la coagulaci\u00f3n.<\/span><\/li><li style=\"font-weight: 400;\" aria-level=\"1\"><span style=\"font-weight: 400;\">Desprendimiento de placenta (placenta previa)<\/span><\/li><li style=\"font-weight: 400;\" aria-level=\"1\"><span style=\"font-weight: 400;\">Micro o macrosomias cong\u00e9nitas.<\/span><\/li><li style=\"font-weight: 400;\" aria-level=\"1\"><span style=\"font-weight: 400;\">Enfermedades cong\u00e9nitas ya identificadas durante la gestaci\u00f3n.<\/span><\/li><\/ul>\t\t\t\t\t\t<\/div>\n\t\t\t\t<\/div>\n\t\t\t\t<div class=\"elementor-element elementor-element-cccd269 elementor-widget elementor-widget-text-editor\" data-id=\"cccd269\" data-element_type=\"widget\" data-widget_type=\"text-editor.default\">\n\t\t\t\t<div class=\"elementor-widget-container\">\n\t\t\t\t\t\t\t<p><strong>\u00bfQu\u00e9 podr\u00eda causar la necesidad de un traslado hospitalario?<\/strong><\/p><p><span style=\"font-weight: 400;\">Durante un parto planificado en casa, se puede producir la necesidad de traslado a un centro hospitalario si se presentan complicaciones como:<\/span><\/p><ul><li style=\"font-weight: 400;\" aria-level=\"1\"><span style=\"font-weight: 400;\">El trabajo de parto no avanza lo esperado.<\/span><\/li><li style=\"font-weight: 400;\" aria-level=\"1\"><span style=\"font-weight: 400;\">El beb\u00e9 presenta signos de sufrimiento fetal (taqui o bradicardia fetal, ausencia de movimientos)<\/span><\/li><li style=\"font-weight: 400;\" aria-level=\"1\"><span style=\"font-weight: 400;\">El beb\u00e9 no est\u00e1 colocado de cabeza.<\/span><\/li><li style=\"font-weight: 400;\" aria-level=\"1\"><span style=\"font-weight: 400;\">Se identifica aumento en la tensi\u00f3n arterial<\/span><\/li><li style=\"font-weight: 400;\" aria-level=\"1\"><span style=\"font-weight: 400;\">El sangrado es abundante y anormal.<\/span><\/li><li style=\"font-weight: 400;\" aria-level=\"1\"><span style=\"font-weight: 400;\">Se presenta inconsistencia en la adaptaci\u00f3n neonatal (APGAR menor a 7, bebe meconiado, dificultad respiratoria en el neonato, s\u00edndrome dism\u00f3rfico entre otros\u2026)<\/span><\/li><\/ul>\t\t\t\t\t\t<\/div>\n\t\t\t\t<\/div>\n\t\t\t\t<div class=\"elementor-element elementor-element-c41d4f4 elementor-widget elementor-widget-text-editor\" data-id=\"c41d4f4\" data-element_type=\"widget\" data-widget_type=\"text-editor.default\">\n\t\t\t\t<div class=\"elementor-widget-container\">\n\t\t\t\t\t\t\t<p><strong>\u00bfCu\u00e1les son los posibles riesgos de un parto en casa ?<\/strong><\/p><p><span style=\"font-weight: 400;\">Hay varias complicaciones que se pueden predecir desde el embarazo como las ya descritas en la pregunta anterior, pero otras como: hemorragia uterina anormal, prolapso de cord\u00f3n umbilical, sufrimiento fetal agudo que hacen que se requiera el traslado a una instituci\u00f3n de salud de inmediato, estas complicaciones se pueden suavizar si existe:<\/span><\/p><ul><li style=\"font-weight: 400;\" aria-level=\"1\"><span style=\"font-weight: 400;\">Asistencia de una enfermera obst\u00e9trica certificada<\/span><\/li><li style=\"font-weight: 400;\" aria-level=\"1\"><span style=\"font-weight: 400;\">Acceso a un m\u00e9dico obstetra.<\/span><\/li><li style=\"font-weight: 400;\" aria-level=\"1\"><span style=\"font-weight: 400;\">Un plan para transporte de emergencia al hospital m\u00e1s cercano<\/span><\/li><\/ul>\t\t\t\t\t\t<\/div>\n\t\t\t\t<\/div>\n\t\t\t\t<div class=\"elementor-element elementor-element-4093592 elementor-widget elementor-widget-button\" data-id=\"4093592\" data-element_type=\"widget\" data-widget_type=\"button.default\">\n\t\t\t\t<div class=\"elementor-widget-container\">\n\t\t\t\t\t<div class=\"elementor-button-wrapper\">\n\t\t\t<a href=\"mailto:info@na-ser.com\" class=\"elementor-button-link elementor-button elementor-size-sm\" role=\"button\">\n\t\t\t\t\t\t<span class=\"elementor-button-content-wrapper\">\n\t\t\t\t\t\t<span class=\"elementor-button-text\">Env\u00edanos tus dudas a info@na-ser.com<\/span>\n\t\t<\/span>\n\t\t\t\t\t<\/a>\n\t\t<\/div>\n\t\t\t\t<\/div>\n\t\t\t\t<\/div>\n\t\t\t\t\t<\/div>\n\t\t<\/div>\n\t\t\t\t\t\t\t<\/div>\n\t\t<\/section>\n\t\t\t\t\t\t\t<\/div>\n\t\t","protected":false},"excerpt":{"rendered":"<p>Resolvemos tus dudas \u00bfEs seguro el parto en casa?El parto en casa es seguro siempre y cuando cuentes con la vigilancia de un profesional capacitado para identificar posibles sucesos que se salgan de la normalidad de un parto convencional. Adicionalmente, las condiciones de salud tuyas y de tu bebe deben ser \u00f3ptimas para optar por [&hellip;]<\/p>\n","protected":false},"author":1,"featured_media":416,"parent":0,"menu_order":0,"comment_status":"closed","ping_status":"closed","template":"templates\/page-generic.php","meta":[],"yoast_head":"<!-- This site is optimized with the Yoast SEO plugin v19.3 - https:\/\/yoast.com\/wordpress\/plugins\/seo\/ -->\n<title>Preguntas frecuentes - Naser<\/title>\n<meta name=\"robots\" content=\"noindex, follow, max-snippet:-1, max-image-preview:large, max-video-preview:-1\" \/>\n<meta property=\"og:locale\" content=\"es_ES\" \/>\n<meta property=\"og:type\" content=\"article\" \/>\n<meta property=\"og:title\" content=\"Preguntas frecuentes - Naser\" \/>\n<meta property=\"og:description\" content=\"Resolvemos tus dudas \u00bfEs seguro el parto en casa?El parto en casa es seguro siempre y cuando cuentes con la vigilancia de un profesional capacitado para identificar posibles sucesos que se salgan de la normalidad de un parto convencional. Adicionalmente, las condiciones de salud tuyas y de tu bebe deben ser \u00f3ptimas para optar por [&hellip;]\" \/>\n<meta property=\"og:url\" content=\"https:\/\/na-ser.com\/index.php\/preguntas-frecuentes\/\" \/>\n<meta property=\"og:site_name\" content=\"Naser\" \/>\n<meta property=\"article:modified_time\" content=\"2022-07-18T18:36:28+00:00\" \/>\n<meta property=\"og:image\" content=\"http:\/\/na-ser.com\/wp-content\/uploads\/2022\/07\/pregnant-2.jpg\" \/>\n\t<meta property=\"og:image:width\" content=\"1920\" \/>\n\t<meta property=\"og:image:height\" content=\"453\" \/>\n\t<meta property=\"og:image:type\" content=\"image\/jpeg\" \/>\n<meta name=\"twitter:card\" content=\"summary_large_image\" \/>\n<meta name=\"twitter:label1\" content=\"Tiempo estimado de lectura\" \/>\n\t<meta name=\"twitter:data1\" content=\"3 minutos\" \/>\n<script type=\"application\/ld+json\" class=\"yoast-schema-graph\">{\"@context\":\"https:\/\/schema.org\",\"@graph\":[{\"@type\":\"Organization\",\"@id\":\"https:\/\/na-ser.com\/#organization\",\"name\":\"Naser\",\"url\":\"https:\/\/na-ser.com\/\",\"sameAs\":[],\"logo\":{\"@type\":\"ImageObject\",\"inLanguage\":\"es-CO\",\"@id\":\"https:\/\/na-ser.com\/#\/schema\/logo\/image\/\",\"url\":\"https:\/\/na-ser.com\/wp-content\/uploads\/2022\/06\/logo-Naser.png\",\"contentUrl\":\"https:\/\/na-ser.com\/wp-content\/uploads\/2022\/06\/logo-Naser.png\",\"width\":434,\"height\":212,\"caption\":\"Naser\"},\"image\":{\"@id\":\"https:\/\/na-ser.com\/#\/schema\/logo\/image\/\"}},{\"@type\":\"WebSite\",\"@id\":\"https:\/\/na-ser.com\/#website\",\"url\":\"https:\/\/na-ser.com\/\",\"name\":\"Naser\",\"description\":\"En casa, en familia, en agua\",\"publisher\":{\"@id\":\"https:\/\/na-ser.com\/#organization\"},\"potentialAction\":[{\"@type\":\"SearchAction\",\"target\":{\"@type\":\"EntryPoint\",\"urlTemplate\":\"https:\/\/na-ser.com\/?s={search_term_string}\"},\"query-input\":\"required name=search_term_string\"}],\"inLanguage\":\"es-CO\"},{\"@type\":\"ImageObject\",\"inLanguage\":\"es-CO\",\"@id\":\"https:\/\/na-ser.com\/index.php\/preguntas-frecuentes\/#primaryimage\",\"url\":\"https:\/\/na-ser.com\/wp-content\/uploads\/2022\/07\/pregnant-2.jpg\",\"contentUrl\":\"https:\/\/na-ser.com\/wp-content\/uploads\/2022\/07\/pregnant-2.jpg\",\"width\":1920,\"height\":453},{\"@type\":\"WebPage\",\"@id\":\"https:\/\/na-ser.com\/index.php\/preguntas-frecuentes\/\",\"url\":\"https:\/\/na-ser.com\/index.php\/preguntas-frecuentes\/\",\"name\":\"Preguntas frecuentes - Naser\",\"isPartOf\":{\"@id\":\"https:\/\/na-ser.com\/#website\"},\"primaryImageOfPage\":{\"@id\":\"https:\/\/na-ser.com\/index.php\/preguntas-frecuentes\/#primaryimage\"},\"datePublished\":\"2022-07-15T14:22:36+00:00\",\"dateModified\":\"2022-07-18T18:36:28+00:00\",\"breadcrumb\":{\"@id\":\"https:\/\/na-ser.com\/index.php\/preguntas-frecuentes\/#breadcrumb\"},\"inLanguage\":\"es-CO\",\"potentialAction\":[{\"@type\":\"ReadAction\",\"target\":[\"https:\/\/na-ser.com\/index.php\/preguntas-frecuentes\/\"]}]},{\"@type\":\"BreadcrumbList\",\"@id\":\"https:\/\/na-ser.com\/index.php\/preguntas-frecuentes\/#breadcrumb\",\"itemListElement\":[{\"@type\":\"ListItem\",\"position\":1,\"name\":\"Home\",\"item\":\"https:\/\/na-ser.com\/\"},{\"@type\":\"ListItem\",\"position\":2,\"name\":\"Preguntas frecuentes\"}]}]}<\/script>\n<!-- \/ Yoast SEO plugin. -->","yoast_head_json":{"title":"Preguntas frecuentes - Naser","robots":{"index":"noindex","follow":"follow","max-snippet":"max-snippet:-1","max-image-preview":"max-image-preview:large","max-video-preview":"max-video-preview:-1"},"og_locale":"es_ES","og_type":"article","og_title":"Preguntas frecuentes - Naser","og_description":"Resolvemos tus dudas \u00bfEs seguro el parto en casa?El parto en casa es seguro siempre y cuando cuentes con la vigilancia de un profesional capacitado para identificar posibles sucesos que se salgan de la normalidad de un parto convencional. Adicionalmente, las condiciones de salud tuyas y de tu bebe deben ser \u00f3ptimas para optar por [&hellip;]","og_url":"https:\/\/na-ser.com\/index.php\/preguntas-frecuentes\/","og_site_name":"Naser","article_modified_time":"2022-07-18T18:36:28+00:00","og_image":[{"width":1920,"height":453,"url":"http:\/\/na-ser.com\/wp-content\/uploads\/2022\/07\/pregnant-2.jpg","type":"image\/jpeg"}],"twitter_card":"summary_large_image","twitter_misc":{"Tiempo estimado de lectura":"3 minutos"},"schema":{"@context":"https:\/\/schema.org","@graph":[{"@type":"Organization","@id":"https:\/\/na-ser.com\/#organization","name":"Naser","url":"https:\/\/na-ser.com\/","sameAs":[],"logo":{"@type":"ImageObject","inLanguage":"es-CO","@id":"https:\/\/na-ser.com\/#\/schema\/logo\/image\/","url":"https:\/\/na-ser.com\/wp-content\/uploads\/2022\/06\/logo-Naser.png","contentUrl":"https:\/\/na-ser.com\/wp-content\/uploads\/2022\/06\/logo-Naser.png","width":434,"height":212,"caption":"Naser"},"image":{"@id":"https:\/\/na-ser.com\/#\/schema\/logo\/image\/"}},{"@type":"WebSite","@id":"https:\/\/na-ser.com\/#website","url":"https:\/\/na-ser.com\/","name":"Naser","description":"En casa, en familia, en agua","publisher":{"@id":"https:\/\/na-ser.com\/#organization"},"potentialAction":[{"@type":"SearchAction","target":{"@type":"EntryPoint","urlTemplate":"https:\/\/na-ser.com\/?s={search_term_string}"},"query-input":"required name=search_term_string"}],"inLanguage":"es-CO"},{"@type":"ImageObject","inLanguage":"es-CO","@id":"https:\/\/na-ser.com\/index.php\/preguntas-frecuentes\/#primaryimage","url":"https:\/\/na-ser.com\/wp-content\/uploads\/2022\/07\/pregnant-2.jpg","contentUrl":"https:\/\/na-ser.com\/wp-content\/uploads\/2022\/07\/pregnant-2.jpg","width":1920,"height":453},{"@type":"WebPage","@id":"https:\/\/na-ser.com\/index.php\/preguntas-frecuentes\/","url":"https:\/\/na-ser.com\/index.php\/preguntas-frecuentes\/","name":"Preguntas frecuentes - Naser","isPartOf":{"@id":"https:\/\/na-ser.com\/#website"},"primaryImageOfPage":{"@id":"https:\/\/na-ser.com\/index.php\/preguntas-frecuentes\/#primaryimage"},"datePublished":"2022-07-15T14:22:36+00:00","dateModified":"2022-07-18T18:36:28+00:00","breadcrumb":{"@id":"https:\/\/na-ser.com\/index.php\/preguntas-frecuentes\/#breadcrumb"},"inLanguage":"es-CO","potentialAction":[{"@type":"ReadAction","target":["https:\/\/na-ser.com\/index.php\/preguntas-frecuentes\/"]}]},{"@type":"BreadcrumbList","@id":"https:\/\/na-ser.com\/index.php\/preguntas-frecuentes\/#breadcrumb","itemListElement":[{"@type":"ListItem","position":1,"name":"Home","item":"https:\/\/na-ser.com\/"},{"@type":"ListItem","position":2,"name":"Preguntas frecuentes"}]}]}},"_links":{"self":[{"href":"https:\/\/na-ser.com\/index.php\/wp-json\/wp\/v2\/pages\/586"}],"collection":[{"href":"https:\/\/na-ser.com\/index.php\/wp-json\/wp\/v2\/pages"}],"about":[{"href":"https:\/\/na-ser.com\/index.php\/wp-json\/wp\/v2\/types\/page"}],"author":[{"embeddable":true,"href":"https:\/\/na-ser.com\/index.php\/wp-json\/wp\/v2\/users\/1"}],"replies":[{"embeddable":true,"href":"https:\/\/na-ser.com\/index.php\/wp-json\/wp\/v2\/comments?post=586"}],"version-history":[{"count":10,"href":"https:\/\/na-ser.com\/index.php\/wp-json\/wp\/v2\/pages\/586\/revisions"}],"predecessor-version":[{"id":747,"href":"https:\/\/na-ser.com\/index.php\/wp-json\/wp\/v2\/pages\/586\/revisions\/747"}],"wp:featuredmedia":[{"embeddable":true,"href":"https:\/\/na-ser.com\/index.php\/wp-json\/wp\/v2\/media\/416"}],"wp:attachment":[{"href":"https:\/\/na-ser.com\/index.php\/wp-json\/wp\/v2\/media?parent=586"}],"curies":[{"name":"wp","href":"https:\/\/api.w.org\/{rel}","templated":true}]}}